{"id":1607,"date":"2023-06-05T06:15:16","date_gmt":"2023-06-05T06:15:16","guid":{"rendered":"http:\/\/bracketweb.com\/gardonwp\/?page_id=19"},"modified":"2025-09-05T16:03:47","modified_gmt":"2025-09-05T14:03:47","slug":"projects-programs","status":"publish","type":"page","link":"https:\/\/www.vhanong.org\/?page_id=1607","title":{"rendered":"Projects \/ Programs"},"content":{"rendered":"\t\t<div data-elementor-type=\"wp-page\" data-elementor-id=\"1607\" class=\"elementor elementor-1607\" data-elementor-post-type=\"page\">\n\t\t\t\t\t\t<section class=\"elementor-section elementor-top-section elementor-element elementor-element-78a83e1 elementor-section-full_width elementor-section-height-default elementor-section-height-default\" data-id=\"78a83e1\" data-element_type=\"section\" data-e-type=\"section\">\n\t\t\t\t\t\t<div class=\"elementor-container elementor-column-gap-no\">\n\t\t\t\t\t<div class=\"elementor-column elementor-col-100 elementor-top-column elementor-element elementor-element-8af952d\" data-id=\"8af952d\" data-element_type=\"column\" data-e-type=\"column\">\n\t\t\t<div class=\"elementor-widget-wrap elementor-element-populated\">\n\t\t\t\t\t\t<div class=\"elementor-element elementor-element-e5a3c95 elementor-widget elementor-widget-gardon-project\" data-id=\"e5a3c95\" data-element_type=\"widget\" data-e-type=\"widget\" data-widget_type=\"gardon-project.default\">\n\t\t\t\t<div class=\"elementor-widget-container\">\n\t\t\t\t\t\r\n    <!--Project Page Start-->\r\n    <section class=\"project-page\">\r\n        <div class=\"container\">\r\n                            <div class=\"section-title text-center\">\r\n                    <div class=\"section-title__icon\">\r\n                        <img decoding=\"async\" src=\"https:\/\/www.vhanong.org\/wp-content\/uploads\/2023\/06\/favicon-32x32-1.png\" alt=\"favicon-32x32\" title=\"favicon-32&#215;32\" >                    <\/div>\r\n                    <span class=\"section-title__tagline\">our work showcase<\/span><h2 class=\"section-title__title\">Enjoy our incredible recently <br> completed projects and programs<\/h2>                <\/div>\r\n                        <div class=\"row\">\r\n                                    <!--Project Two Single Start-->\r\n                    <div class=\"col-xl-4 col-lg-6 col-md-6\">\r\n                        <div class=\"project-one__single\">\r\n                            <div class=\"project-one__img\">\r\n                                <img decoding=\"async\" src=\"https:\/\/www.vhanong.org\/wp-content\/uploads\/2025\/09\/Physical-and-mental-well-being-2.png\" alt=\"Physical and mental well-being 2\" title=\"Physical and mental well-being 2\" >                                <a href=\"https:\/\/www.vhanong.org\/wp-content\/uploads\/2025\/09\/Physical-and-mental-well-being-2.png\" class=\"img-popup project-one__icon\">\r\n                                    <i class=\"fas fa-eye\"><\/i>\r\n                                <\/a>\r\n                                <div class=\"project-one__content\">\r\n                                    <p class=\"project-one__sub-title\">S\u00e9curit\u00e9 Alimentaire et Nutrition (FAT)<\/p>                                    <h4 class=\"project-one__title\">\r\n                                        <a class=\"\" href=\"#\"  >Bien-\u00eatre Physique et Mental (BPM) <\/a>                                    <\/h4>\r\n                                <\/div>\r\n                            <\/div>\r\n                        <\/div>\r\n                    <\/div>\r\n                    <!--Project Two Single End-->\r\n                                    <!--Project Two Single Start-->\r\n                    <div class=\"col-xl-4 col-lg-6 col-md-6\">\r\n                        <div class=\"project-one__single\">\r\n                            <div class=\"project-one__img\">\r\n                                <img decoding=\"async\" src=\"https:\/\/www.vhanong.org\/wp-content\/uploads\/2025\/09\/Cordon-Bleu-Universel-2.png\" alt=\"Cordon Bleu Universel 2\" title=\"Cordon Bleu Universel 2\" >                                <a href=\"https:\/\/www.vhanong.org\/wp-content\/uploads\/2025\/09\/Cordon-Bleu-Universel-2.png\" class=\"img-popup project-one__icon\">\r\n                                    <i class=\"fas fa-eye\"><\/i>\r\n                                <\/a>\r\n                                <div class=\"project-one__content\">\r\n                                    <p class=\"project-one__sub-title project-one__sub-title\">S\u00e9curit\u00e9 Alimentaire et Nutrition (FAT)<\/p>                                    <h4 class=\"project-one__title\">\r\n                                        <a class=\" \" href=\"#\"  >Cordon Bleu Universel (CBU) <\/a>                                    <\/h4>\r\n                                <\/div>\r\n                            <\/div>\r\n                        <\/div>\r\n                    <\/div>\r\n                    <!--Project Two Single End-->\r\n                                    <!--Project Two Single Start-->\r\n                    <div class=\"col-xl-4 col-lg-6 col-md-6\">\r\n                        <div class=\"project-one__single\">\r\n                            <div class=\"project-one__img\">\r\n                                <img decoding=\"async\" src=\"https:\/\/www.vhanong.org\/wp-content\/uploads\/2025\/09\/Graine-deveil-verte-resize.png\" alt=\"Graine d&#039;eveil verte resize\" title=\"Graine d&#8217;eveil verte resize\" >                                <a href=\"https:\/\/www.vhanong.org\/wp-content\/uploads\/2025\/09\/Graine-deveil-verte-resize.png\" class=\"img-popup project-one__icon\">\r\n                                    <i class=\"fas fa-eye\"><\/i>\r\n                                <\/a>\r\n                                <div class=\"project-one__content\">\r\n                                    <p class=\"project-one__sub-title project-one__sub-title project-one__sub-title\">Promotion de la Biodiversit\u00e9<\/p>                                    <h4 class=\"project-one__title\">\r\n                                        <a class=\"  \" href=\"#\"  >Graine d\u2019\u00c9veil Verte (GEV)<\/a>                                    <\/h4>\r\n                                <\/div>\r\n                            <\/div>\r\n                        <\/div>\r\n                    <\/div>\r\n                    <!--Project Two Single End-->\r\n                                    <!--Project Two Single Start-->\r\n                    <div class=\"col-xl-4 col-lg-6 col-md-6\">\r\n                        <div class=\"project-one__single\">\r\n                            <div class=\"project-one__img\">\r\n                                <img decoding=\"async\" src=\"https:\/\/www.vhanong.org\/wp-content\/uploads\/2025\/09\/Transfert-des-Competences-de-vie-11.png\" alt=\"Transfert des Comp\u00e9tences de vie 11\" title=\"Transfert des Comp\u00e9tences de vie 11\" >                                <a href=\"https:\/\/www.vhanong.org\/wp-content\/uploads\/2025\/09\/Transfert-des-Competences-de-vie-11.png\" class=\"img-popup project-one__icon\">\r\n                                    <i class=\"fas fa-eye\"><\/i>\r\n                                <\/a>\r\n                                <div class=\"project-one__content\">\r\n                                    <p class=\"project-one__sub-title project-one__sub-title project-one__sub-title project-one__sub-title\">Programme Entreprenariat Jeunes <\/p>                                    <h4 class=\"project-one__title\">\r\n                                        <a class=\"   \" href=\"#\"  >Transfert des Comp\u00e9tences <br> de Vie (TCV) <\/a>                                    <\/h4>\r\n                                <\/div>\r\n                            <\/div>\r\n                        <\/div>\r\n                    <\/div>\r\n                    <!--Project Two Single End-->\r\n                            <\/div>\r\n        <\/div>\r\n    <\/section>\r\n    <!--Project Page End-->\r\n\t\t\t\t<\/div>\n\t\t\t\t<\/div>\n\t\t\t\t\t<\/div>\n\t\t<\/div>\n\t\t\t\t\t<\/div>\n\t\t<\/section>\n\t\t\t\t<\/div>\n\t\t","protected":false},"excerpt":{"rendered":"<p>our work showcase Enjoy our incredible recently completed projects and programs S\u00e9curit\u00e9 Alimentaire et Nutrition (FAT) Bien-\u00eatre Physique et Mental (BPM) S\u00e9curit\u00e9 Alimentaire et Nutrition (FAT) Cordon Bleu Universel (CBU) Promotion de la Biodiversit\u00e9 Graine d\u2019\u00c9veil Verte (GEV) Programme Entreprenariat Jeunes Transfert des Comp\u00e9tences de Vie (TCV)<\/p>\n","protected":false},"author":1,"featured_media":0,"parent":0,"menu_order":0,"comment_status":"closed","ping_status":"closed","template":"elementor_header_footer","meta":{"_monsterinsights_skip_tracking":false,"_monsterinsights_sitenote_active":false,"_monsterinsights_sitenote_note":"","_monsterinsights_sitenote_category":0,"footnotes":""},"class_list":["post-1607","page","type-page","status-publish","hentry"],"aioseo_notices":[],"_links":{"self":[{"href":"https:\/\/www.vhanong.org\/index.php?rest_route=\/wp\/v2\/pages\/1607","targetHints":{"allow":["GET"]}}],"collection":[{"href":"https:\/\/www.vhanong.org\/index.php?rest_route=\/wp\/v2\/pages"}],"about":[{"href":"https:\/\/www.vhanong.org\/index.php?rest_route=\/wp\/v2\/types\/page"}],"author":[{"embeddable":true,"href":"https:\/\/www.vhanong.org\/index.php?rest_route=\/wp\/v2\/users\/1"}],"replies":[{"embeddable":true,"href":"https:\/\/www.vhanong.org\/index.php?rest_route=%2Fwp%2Fv2%2Fcomments&post=1607"}],"version-history":[{"count":23,"href":"https:\/\/www.vhanong.org\/index.php?rest_route=\/wp\/v2\/pages\/1607\/revisions"}],"predecessor-version":[{"id":1961,"href":"https:\/\/www.vhanong.org\/index.php?rest_route=\/wp\/v2\/pages\/1607\/revisions\/1961"}],"wp:attachment":[{"href":"https:\/\/www.vhanong.org\/index.php?rest_route=%2Fwp%2Fv2%2Fmedia&parent=1607"}],"curies":[{"name":"wp","href":"https:\/\/api.w.org\/{rel}","templated":true}]}}